{"id":3803,"date":"2015-09-16T09:11:16","date_gmt":"2015-09-16T09:11:16","guid":{"rendered":"http:\/\/piris.com\/ca\/catalogo-de-productos\/sin-categorizar\/resistencia-acorazada-en-acero-inox\/"},"modified":"2015-09-16T09:11:16","modified_gmt":"2015-09-16T09:11:16","slug":"resistencia-acorazada-en-acero-inox","status":"publish","type":"product","link":"https:\/\/www.piris.com\/ca\/cataleg-de-productes\/resistencias-electricas-ca\/resistencia-acorazada-en-acero-inox","title":{"rendered":"Resistencia acorazada en acero inox"},"content":{"rendered":"","protected":false},"excerpt":{"rendered":"<p>Las resistencias acorazadas se fabrican seg\u00fan la tradicional pero eficaz tecnolog\u00eda del tubo de acero inoxidable con oxido de magnesio (MgO) y aislado mediante una vulcanizaci\u00f3n en silicona Standard o anti-cortocircuito que ofrecen conexiones completamente herm\u00e9ticas.<br \/>\nNuestros productos se fabrican en di\u00e1metro 6.5mm y 8.5mm y pueden ser realizadas siguiendo las especificaciones del cliente.<\/p>\n<p>LAS PRINCIPALES VENTAJAS SON :<br \/>\n-Elevada adaptabilidad en ambientes con elevado grado de humedad<br \/>\n-Optima resistencia mec\u00e1nica y a la corrosi\u00f3n<br \/>\n-Elevada fiabilidad en el tiempo<br \/>\n-Amplia gama de acabados, racords, pletinas, sistemas de fijaci\u00f3n y conexi\u00f3n a tierra.<\/p>\n<p>APLICACIONES<br \/>\n-Aplicaciones industriales (prensas termicas, hornos y c\u00e1maras calientes, buffets)<br \/>\n-Hosteler\u00eda (armarios frigor\u00edficos, abatidores de temperatura, calienta bebidas, ba\u00f1os mar\u00eda, buffets)<br \/>\n-Aire acondicionado (equipos de aire acondicionado)<br \/>\n-Refrigeraci\u00f3n industrial y comercial (descongelaci\u00f3n de evaporadores para frigor\u00edficos industriales, comerciales y dom\u00e9sticos, bandejas de evaporaci\u00f3n)<br \/>\n-Electrodom\u00e9sticos (planchas para la ropa)<\/p>\n<div class=\"link_pdf\"><a href=\"\/wp-content\/uploads\/pdf\/325__p_8_ResistenzeTuboAcciaio_MR.pdf\" target=\"_blank\" title=\"Ficha T\u00e9cnica\">Ficha T\u00e9cnica<\/a><\/div>\n","protected":false},"featured_media":6924,"comment_status":"closed","ping_status":"closed","template":"","meta":[],"product_cat":[241],"product_tag":[],"yoast_head":"<!-- This site is optimized with the Yoast SEO plugin v23.0 - https:\/\/yoast.com\/wordpress\/plugins\/seo\/ -->\n<title>Resistencia acorazada en acero inox | Piris<\/title>\n<meta name=\"robots\" content=\"index, follow, max-snippet:-1, max-image-preview:large, max-video-preview:-1\" \/>\n<link rel=\"canonical\" href=\"https:\/\/www.piris.com\/cataleg-de-productes\/resistencias-electricas\/resistencia-acorazada-en-acero-inox\" \/>\n<meta property=\"og:locale\" content=\"ca_ES\" \/>\n<meta property=\"og:type\" content=\"article\" \/>\n<meta property=\"og:title\" content=\"Resistencia acorazada en acero inox | Piris\" \/>\n<meta property=\"og:description\" content=\"Las resistencias acorazadas se fabrican seg\u00fan la tradicional pero eficaz tecnolog\u00eda del tubo de acero inoxidable con oxido de magnesio (MgO) y aislado mediante una vulcanizaci\u00f3n en silicona Standard o anti-cortocircuito que ofrecen conexiones completamente herm\u00e9ticas. Nuestros productos se fabrican en di\u00e1metro 6.5mm y 8.5mm y pueden ser realizadas siguiendo las especificaciones del cliente.  LAS PRINCIPALES VENTAJAS SON : -Elevada adaptabilidad en ambientes con elevado grado de humedad -Optima resistencia mec\u00e1nica y a la corrosi\u00f3n -Elevada fiabilidad en el tiempo -Amplia gama de acabados, racords, pletinas, sistemas de fijaci\u00f3n y conexi\u00f3n a tierra.  APLICACIONES -Aplicaciones industriales (prensas termicas, hornos y c\u00e1maras calientes, buffets) -Hosteler\u00eda (armarios frigor\u00edficos, abatidores de temperatura, calienta bebidas, ba\u00f1os mar\u00eda, buffets) -Aire acondicionado (equipos de aire acondicionado) -Refrigeraci\u00f3n industrial y comercial (descongelaci\u00f3n de evaporadores para frigor\u00edficos industriales, comerciales y dom\u00e9sticos, bandejas de evaporaci\u00f3n) -Electrodom\u00e9sticos (planchas para la ropa)  Ficha T\u00e9cnica\" \/>\n<meta property=\"og:url\" content=\"https:\/\/www.piris.com\/cataleg-de-productes\/resistencias-electricas\/resistencia-acorazada-en-acero-inox\" \/>\n<meta property=\"og:site_name\" content=\"Piris\" \/>\n<meta property=\"og:image\" content=\"https:\/\/www.piris.com\/wp-content\/uploads\/ACORAZADA-2.jpg\" \/>\n\t<meta property=\"og:image:width\" content=\"405\" \/>\n\t<meta property=\"og:image:height\" content=\"400\" \/>\n\t<meta property=\"og:image:type\" content=\"image\/jpeg\" \/>\n<meta name=\"twitter:card\" content=\"summary_large_image\" \/>\n<script type=\"application\/ld+json\" class=\"yoast-schema-graph\">{\"@context\":\"https:\/\/schema.org\",\"@graph\":[{\"@type\":\"WebPage\",\"@id\":\"https:\/\/www.piris.com\/cataleg-de-productes\/resistencias-electricas\/resistencia-acorazada-en-acero-inox\",\"url\":\"https:\/\/www.piris.com\/cataleg-de-productes\/resistencias-electricas\/resistencia-acorazada-en-acero-inox\",\"name\":\"Resistencia acorazada en acero inox | Piris\",\"isPartOf\":{\"@id\":\"https:\/\/www.piris.com\/#website\"},\"primaryImageOfPage\":{\"@id\":\"https:\/\/www.piris.com\/cataleg-de-productes\/resistencias-electricas\/resistencia-acorazada-en-acero-inox#primaryimage\"},\"image\":{\"@id\":\"https:\/\/www.piris.com\/cataleg-de-productes\/resistencias-electricas\/resistencia-acorazada-en-acero-inox#primaryimage\"},\"thumbnailUrl\":\"https:\/\/www.piris.com\/wp-content\/uploads\/ACORAZADA-2.jpg\",\"datePublished\":\"2015-09-16T09:11:16+00:00\",\"dateModified\":\"2015-09-16T09:11:16+00:00\",\"breadcrumb\":{\"@id\":\"https:\/\/www.piris.com\/cataleg-de-productes\/resistencias-electricas\/resistencia-acorazada-en-acero-inox#breadcrumb\"},\"inLanguage\":\"ca\",\"potentialAction\":[{\"@type\":\"ReadAction\",\"target\":[\"https:\/\/www.piris.com\/cataleg-de-productes\/resistencias-electricas\/resistencia-acorazada-en-acero-inox\"]}]},{\"@type\":\"ImageObject\",\"inLanguage\":\"ca\",\"@id\":\"https:\/\/www.piris.com\/cataleg-de-productes\/resistencias-electricas\/resistencia-acorazada-en-acero-inox#primaryimage\",\"url\":\"https:\/\/www.piris.com\/wp-content\/uploads\/ACORAZADA-2.jpg\",\"contentUrl\":\"https:\/\/www.piris.com\/wp-content\/uploads\/ACORAZADA-2.jpg\",\"width\":405,\"height\":400},{\"@type\":\"BreadcrumbList\",\"@id\":\"https:\/\/www.piris.com\/cataleg-de-productes\/resistencias-electricas\/resistencia-acorazada-en-acero-inox#breadcrumb\",\"itemListElement\":[{\"@type\":\"ListItem\",\"position\":1,\"name\":\"Portada\",\"item\":\"https:\/\/www.piris.com\/ca\"},{\"@type\":\"ListItem\",\"position\":2,\"name\":\"Cat\u00e0leg de productes\",\"item\":\"https:\/\/www.piris.com\/ca\/cataleg-de-productes\"},{\"@type\":\"ListItem\",\"position\":3,\"name\":\"Resistencia acorazada en acero inox\"}]},{\"@type\":\"WebSite\",\"@id\":\"https:\/\/www.piris.com\/#website\",\"url\":\"https:\/\/www.piris.com\/\",\"name\":\"Piris\",\"description\":\"Components el\u00e8ctrics, mec\u00e0nics i electr\u00f2nics\",\"publisher\":{\"@id\":\"https:\/\/www.piris.com\/#organization\"},\"potentialAction\":[{\"@type\":\"SearchAction\",\"target\":{\"@type\":\"EntryPoint\",\"urlTemplate\":\"https:\/\/www.piris.com\/?s={search_term_string}\"},\"query-input\":\"required name=search_term_string\"}],\"inLanguage\":\"ca\"},{\"@type\":\"Organization\",\"@id\":\"https:\/\/www.piris.com\/#organization\",\"name\":\"PIRIS\",\"url\":\"https:\/\/www.piris.com\/\",\"logo\":{\"@type\":\"ImageObject\",\"inLanguage\":\"ca\",\"@id\":\"https:\/\/www.piris.com\/#\/schema\/logo\/image\/\",\"url\":\"https:\/\/www.piris.com\/wp-content\/uploads\/29-PIRIS.png\",\"contentUrl\":\"https:\/\/www.piris.com\/wp-content\/uploads\/29-PIRIS.png\",\"width\":1280,\"height\":720,\"caption\":\"PIRIS\"},\"image\":{\"@id\":\"https:\/\/www.piris.com\/#\/schema\/logo\/image\/\"},\"sameAs\":[\"https:\/\/www.linkedin.com\/company\/piris\/\"]}]}<\/script>\n<!-- \/ Yoast SEO plugin. -->","yoast_head_json":{"title":"Resistencia acorazada en acero inox | Piris","robots":{"index":"index","follow":"follow","max-snippet":"max-snippet:-1","max-image-preview":"max-image-preview:large","max-video-preview":"max-video-preview:-1"},"canonical":"https:\/\/www.piris.com\/cataleg-de-productes\/resistencias-electricas\/resistencia-acorazada-en-acero-inox","og_locale":"ca_ES","og_type":"article","og_title":"Resistencia acorazada en acero inox | Piris","og_description":"Las resistencias acorazadas se fabrican seg\u00fan la tradicional pero eficaz tecnolog\u00eda del tubo de acero inoxidable con oxido de magnesio (MgO) y aislado mediante una vulcanizaci\u00f3n en silicona Standard o anti-cortocircuito que ofrecen conexiones completamente herm\u00e9ticas. Nuestros productos se fabrican en di\u00e1metro 6.5mm y 8.5mm y pueden ser realizadas siguiendo las especificaciones del cliente.  LAS PRINCIPALES VENTAJAS SON : -Elevada adaptabilidad en ambientes con elevado grado de humedad -Optima resistencia mec\u00e1nica y a la corrosi\u00f3n -Elevada fiabilidad en el tiempo -Amplia gama de acabados, racords, pletinas, sistemas de fijaci\u00f3n y conexi\u00f3n a tierra.  APLICACIONES -Aplicaciones industriales (prensas termicas, hornos y c\u00e1maras calientes, buffets) -Hosteler\u00eda (armarios frigor\u00edficos, abatidores de temperatura, calienta bebidas, ba\u00f1os mar\u00eda, buffets) -Aire acondicionado (equipos de aire acondicionado) -Refrigeraci\u00f3n industrial y comercial (descongelaci\u00f3n de evaporadores para frigor\u00edficos industriales, comerciales y dom\u00e9sticos, bandejas de evaporaci\u00f3n) -Electrodom\u00e9sticos (planchas para la ropa)  Ficha T\u00e9cnica","og_url":"https:\/\/www.piris.com\/cataleg-de-productes\/resistencias-electricas\/resistencia-acorazada-en-acero-inox","og_site_name":"Piris","og_image":[{"width":405,"height":400,"url":"https:\/\/www.piris.com\/wp-content\/uploads\/ACORAZADA-2.jpg","type":"image\/jpeg"}],"twitter_card":"summary_large_image","schema":{"@context":"https:\/\/schema.org","@graph":[{"@type":"WebPage","@id":"https:\/\/www.piris.com\/cataleg-de-productes\/resistencias-electricas\/resistencia-acorazada-en-acero-inox","url":"https:\/\/www.piris.com\/cataleg-de-productes\/resistencias-electricas\/resistencia-acorazada-en-acero-inox","name":"Resistencia acorazada en acero inox | Piris","isPartOf":{"@id":"https:\/\/www.piris.com\/#website"},"primaryImageOfPage":{"@id":"https:\/\/www.piris.com\/cataleg-de-productes\/resistencias-electricas\/resistencia-acorazada-en-acero-inox#primaryimage"},"image":{"@id":"https:\/\/www.piris.com\/cataleg-de-productes\/resistencias-electricas\/resistencia-acorazada-en-acero-inox#primaryimage"},"thumbnailUrl":"https:\/\/www.piris.com\/wp-content\/uploads\/ACORAZADA-2.jpg","datePublished":"2015-09-16T09:11:16+00:00","dateModified":"2015-09-16T09:11:16+00:00","breadcrumb":{"@id":"https:\/\/www.piris.com\/cataleg-de-productes\/resistencias-electricas\/resistencia-acorazada-en-acero-inox#breadcrumb"},"inLanguage":"ca","potentialAction":[{"@type":"ReadAction","target":["https:\/\/www.piris.com\/cataleg-de-productes\/resistencias-electricas\/resistencia-acorazada-en-acero-inox"]}]},{"@type":"ImageObject","inLanguage":"ca","@id":"https:\/\/www.piris.com\/cataleg-de-productes\/resistencias-electricas\/resistencia-acorazada-en-acero-inox#primaryimage","url":"https:\/\/www.piris.com\/wp-content\/uploads\/ACORAZADA-2.jpg","contentUrl":"https:\/\/www.piris.com\/wp-content\/uploads\/ACORAZADA-2.jpg","width":405,"height":400},{"@type":"BreadcrumbList","@id":"https:\/\/www.piris.com\/cataleg-de-productes\/resistencias-electricas\/resistencia-acorazada-en-acero-inox#breadcrumb","itemListElement":[{"@type":"ListItem","position":1,"name":"Portada","item":"https:\/\/www.piris.com\/ca"},{"@type":"ListItem","position":2,"name":"Cat\u00e0leg de productes","item":"https:\/\/www.piris.com\/ca\/cataleg-de-productes"},{"@type":"ListItem","position":3,"name":"Resistencia acorazada en acero inox"}]},{"@type":"WebSite","@id":"https:\/\/www.piris.com\/#website","url":"https:\/\/www.piris.com\/","name":"Piris","description":"Components el\u00e8ctrics, mec\u00e0nics i electr\u00f2nics","publisher":{"@id":"https:\/\/www.piris.com\/#organization"},"potentialAction":[{"@type":"SearchAction","target":{"@type":"EntryPoint","urlTemplate":"https:\/\/www.piris.com\/?s={search_term_string}"},"query-input":"required name=search_term_string"}],"inLanguage":"ca"},{"@type":"Organization","@id":"https:\/\/www.piris.com\/#organization","name":"PIRIS","url":"https:\/\/www.piris.com\/","logo":{"@type":"ImageObject","inLanguage":"ca","@id":"https:\/\/www.piris.com\/#\/schema\/logo\/image\/","url":"https:\/\/www.piris.com\/wp-content\/uploads\/29-PIRIS.png","contentUrl":"https:\/\/www.piris.com\/wp-content\/uploads\/29-PIRIS.png","width":1280,"height":720,"caption":"PIRIS"},"image":{"@id":"https:\/\/www.piris.com\/#\/schema\/logo\/image\/"},"sameAs":["https:\/\/www.linkedin.com\/company\/piris\/"]}]}},"_links":{"self":[{"href":"https:\/\/www.piris.com\/ca\/wp-json\/wp\/v2\/product\/3803"}],"collection":[{"href":"https:\/\/www.piris.com\/ca\/wp-json\/wp\/v2\/product"}],"about":[{"href":"https:\/\/www.piris.com\/ca\/wp-json\/wp\/v2\/types\/product"}],"replies":[{"embeddable":true,"href":"https:\/\/www.piris.com\/ca\/wp-json\/wp\/v2\/comments?post=3803"}],"wp:featuredmedia":[{"embeddable":true,"href":"https:\/\/www.piris.com\/ca\/wp-json\/wp\/v2\/media\/6924"}],"wp:attachment":[{"href":"https:\/\/www.piris.com\/ca\/wp-json\/wp\/v2\/media?parent=3803"}],"wp:term":[{"taxonomy":"product_cat","embeddable":true,"href":"https:\/\/www.piris.com\/ca\/wp-json\/wp\/v2\/product_cat?post=3803"},{"taxonomy":"product_tag","embeddable":true,"href":"https:\/\/www.piris.com\/ca\/wp-json\/wp\/v2\/product_tag?post=3803"}],"curies":[{"name":"wp","href":"https:\/\/api.w.org\/{rel}","templated":true}]}}